{"id":1202,"date":"2017-03-05T05:19:43","date_gmt":"2017-03-05T05:19:43","guid":{"rendered":"http:\/\/www.alkion-hotel.com\/explore-alkion\/"},"modified":"2017-05-18T21:33:52","modified_gmt":"2017-05-18T21:33:52","slug":"alkion-erkunden","status":"publish","type":"page","link":"https:\/\/www.alkion-hotel.com\/de\/alkion-erkunden\/","title":{"rendered":"Alkion erkunden"},"content":{"rendered":"<div class=\"wpb-content-wrapper\">[mk_page_section bg_image=&#8220;https:\/\/www.alkion-hotel.com\/wp-content\/uploads\/2017\/03\/dsc_7181.jpg&#8220; bg_position=&#8220;center center&#8220; bg_stretch=&#8220;true&#8220; video_color_mask=&#8220;#4498bc&#8220; video_opacity=&#8220;0.4&#8243; min_height=&#8220;400&#8243; padding_top=&#8220;90&#8243; padding_bottom=&#8220;90&#8243; sidebar=&#8220;sidebar-1&#8243;][vc_column][mk_fancy_title color=&#8220;#ffffff&#8220; size=&#8220;120&#8243; font_weight=&#8220;300&#8243; font_family=&#8220;none&#8220; align=&#8220;center&#8220;]Alkion erkunden[\/mk_fancy_title][\/vc_column][\/mk_page_section][vc_row][vc_column][mk_padding_divider][\/vc_column][\/vc_row][vc_row][vc_column width=&#8220;1\/6&#8243;][\/vc_column][vc_column width=&#8220;2\/3&#8243;][vc_column_text]\n<h5>Hotel Alkion umfasst 15 Hektar farbenpr\u00e4chtiger Landschaft mit Oliven- und Pinienb\u00e4umen. Der Ort \u00e4hnelt einem Balkon mit atemberaubendem Meerblick. Die letzte Renovierung fand 2017 statt, und das Ergebnis ist eine \u00e4u\u00dferst gem\u00fctliche und freundliche Umgebung, ideal f\u00fcr Familien.<\/h5>\n<p>&nbsp;<\/p>\n<h5>Es liegt im Dorf Kriopigi, in Kassandra, der ersten Halbinsel von Halkidiki. Es ist 80 km entfernt vom Flughafen Thessaloniki und nur 500 m bis zum Strand. Die Entfernung vom Dorfzentrum ist ca. f\u00fcnf Minuten zu Fu\u00df.<\/h5>\n<p>&nbsp;<\/p>\n<h5>Die verschiedenen Zimmertypen der insgesamt 59 Zimmer unterteilt in vier Geb\u00e4ude entsprechen unterschiedlichsten Anforderungen von Paaren bis hin zu Familien. Besonderes Merkmal ist der Komfort, und s\u00e4mtliche Zimmer verf\u00fcgen \u00fcber komplett ausger\u00fcstete Kochnischen.<\/h5>\n<p>&nbsp;<\/p>\n<h5>Genie\u00dfen Sie Ihren Drink, Snacks und Gerichte in der Bar neben dem Pool. F\u00fcr unsere j\u00fcngeren Freunde verf\u00fcgen wir \u00fcber einen Spielplatz und einen Kinder-Pool, der vom Erwachsenen-Pool abgegrenzt ist.<\/h5>\n[\/vc_column_text][mk_padding_divider][mk_button dimension=&#8220;outline&#8220; size=&#8220;large&#8220; url=&#8220;https:\/\/alkionhotel.reserve-online.net\/lang?lcode=de_DE&#8220; target=&#8220;_blank&#8220; fullwidth=&#8220;true&#8220;]BUCHEN SIE JETZT[\/mk_button][\/vc_column][vc_column width=&#8220;1\/6&#8243;][\/vc_column][\/vc_row][vc_row][vc_column][mk_padding_divider][\/vc_column][\/vc_row][mk_page_section layout_structure=&#8220;half_right&#8220; bg_image=&#8220;https:\/\/www.alkion-hotel.com\/wp-content\/uploads\/2017\/03\/dsc_7629.jpg&#8220; bg_color=&#8220;#4498bc&#8220; padding_top=&#8220;50&#8243; padding_bottom=&#8220;50&#8243;][vc_column][vc_row_inner is_fullwidth_content=&#8220;false&#8220;][vc_column_inner][mk_fancy_title color=&#8220;#ffffff&#8220; size=&#8220;36&#8243; force_font_size=&#8220;true&#8220; size_tablet=&#8220;30&#8243; size_phone=&#8220;30&#8243; margin_bottom=&#8220;0&#8243; font_family=&#8220;none&#8220; responsive_align=&#8220;left&#8220;]Anlagen &amp; Dienstleistungen[\/mk_fancy_title][mk_fancy_title color=&#8220;#ffffff&#8220; size=&#8220;26&#8243; force_font_size=&#8220;true&#8220; size_tablet=&#8220;30&#8243; size_phone=&#8220;30&#8243; font_weight=&#8220;300&#8243; margin_bottom=&#8220;0&#8243; font_family=&#8220;none&#8220; responsive_align=&#8220;left&#8220;]Empfang\/Rezeption rund um die Uhr<br \/>\nTransferservice vom\/zum Flughafen\/Hafen (auf Anfrage &amp; gegen Aufpreis)<br \/>\nEmpfangsraum<br \/>\nGep\u00e4ckservice<br \/>\nParkplatz<br \/>\nSchwimmbecken (Frischwasser)<br \/>\nSchwimmbecken f\u00fcr Kinder<br \/>\nLiegest\u00fchle &amp; Schirme<br \/>\nPool-Handt\u00fccher (gegen Gew\u00e4hrung)<br \/>\nStrand-Handt\u00fccher (gegen Gew\u00e4hrung)<br \/>\nBar\/Pool &amp; Snack-Bar<br \/>\n\u201eA la carte\u201c-Restaurant<br \/>\nTablet<br \/>\nAuto- und Motorradverleih<br \/>\nArzt (auf Anfrage &amp; gegen Aufpreis)<br \/>\nMassage (auf Anfrage &amp; gegen Aufpreis)<br \/>\nFax &amp; Fotokopieservice<br \/>\nBabybett auf Anfrage<br \/>\nWi-Fi kostenlos<br \/>\nSatelliten-TV<br \/>\nTischtennis<br \/>\nSpielplatz<\/p>\n<p>Eincheck-Regelung:<br \/>\nEincheck-Uhrzeit: Nach 14:00 Uhr<br \/>\nAuscheck-Uhrzeit: 12:00 Uhr<br \/>\n[\/mk_fancy_title][\/vc_column_inner][\/vc_row_inner][vc_row_inner][vc_column_inner width=&#8220;1\/2&#8243;][mk_button dimension=&#8220;outline&#8220; size=&#8220;large&#8220; url=&#8220;https:\/\/alkionhotel.reserve-online.net\/lang?lcode=de_DE&#8220; target=&#8220;_blank&#8220; fullwidth=&#8220;true&#8220; outline_skin=&#8220;light&#8220;]BUCHEN SIE JETZT[\/mk_button][\/vc_column_inner][vc_column_inner width=&#8220;1\/2&#8243;][\/vc_column_inner][\/vc_row_inner][\/vc_column][\/mk_page_section][mk_page_section bg_color=&#8220;#fdcc51&#8243; full_width=&#8220;true&#8220; top_shape_color=&#8220;#ffffff&#8220; top_shape_bg_color=&#8220;#1b75bb&#8220; bottom_shape_color=&#8220;#ffffff&#8220; sidebar=&#8220;sidebar-1&#8243;][vc_column width=&#8220;1\/6&#8243;][\/vc_column][vc_column width=&#8220;2\/3&#8243;][mk_padding_divider size=&#8220;60&#8243;][mk_fancy_title tag_name=&#8220;h3&#8243; color=&#8220;#ffffff&#8220; size=&#8220;36&#8243; force_font_size=&#8220;true&#8220; size_tablet=&#8220;20&#8243; size_phone=&#8220;15&#8243; txt_transform=&#8220;capitalize&#8220; margin_bottom=&#8220;0&#8243; font_family=&#8220;none&#8220; align=&#8220;center&#8220;]Machen sie eine Reservierung, rufen Sie jetzt an<br \/>\n+30 23740 52360[\/mk_fancy_title][mk_padding_divider size=&#8220;60&#8243;][mk_button dimension=&#8220;outline&#8220; size=&#8220;x-large&#8220; url=&#8220;https:\/\/alkionhotel.reserve-online.net\/lang?lcode=de_DE&#8220; target=&#8220;_blank&#8220; align=&#8220;center&#8220; margin_right=&#8220;0&#8243; outline_skin=&#8220;light&#8220;]BUCHEN SIE JETZT[\/mk_button][mk_padding_divider][\/vc_column][vc_column width=&#8220;1\/6&#8243;][\/vc_column][\/mk_page_section]\n<\/div>","protected":false},"excerpt":{"rendered":"<p>[mk_page_section bg_image=&#8220;https:\/\/www.alkion-hotel.com\/wp-content\/uploads\/2017\/03\/dsc_7181.jpg&#8220; bg_position=&#8220;center center&#8220; bg_stretch=&#8220;true&#8220; video_color_mask=&#8220;#4498bc&#8220; video_opacity=&#8220;0.4&#8243; min_height=&#8220;400&#8243; padding_top=&#8220;90&#8243; padding_bottom=&#8220;90&#8243; sidebar=&#8220;sidebar-1&#8243;][vc_column][mk_fancy_title color=&#8220;#ffffff&#8220; size=&#8220;120&#8243; font_weight=&#8220;300&#8243; font_family=&#8220;none&#8220; align=&#8220;center&#8220;]Alkion erkunden[\/mk_fancy_title][\/vc_column][\/mk_page_section][vc_row][vc_column][mk_padding_divider][\/vc_column][\/vc_row][vc_row][vc_column width=&#8220;1\/6&#8243;][\/vc_column][vc_column width=&#8220;2\/3&#8243;][vc_column_text] Hotel Alkion umfasst 15 Hektar farbenpr\u00e4chtiger Landschaft mit Oliven- und Pinienb\u00e4umen. Der Ort \u00e4hnelt einem Balkon mit atemberaubendem Meerblick. Die letzte Renovierung fand 2017 statt, und das Ergebnis ist eine \u00e4u\u00dferst gem\u00fctliche und freundliche Umgebung, ideal [&hellip;]<\/p>\n","protected":false},"author":1,"featured_media":0,"parent":0,"menu_order":0,"comment_status":"closed","ping_status":"closed","template":"","meta":{"footnotes":""},"yoast_head":"<!-- This site is optimized with the Yoast SEO plugin v24.5 - https:\/\/yoast.com\/wordpress\/plugins\/seo\/ -->\n<title>Alkion erkunden - Alkion Hotel Kriopigi<\/title>\n<meta name=\"robots\" content=\"index, follow, max-snippet:-1, max-image-preview:large, max-video-preview:-1\" \/>\n<link rel=\"canonical\" href=\"https:\/\/www.alkion-hotel.com\/de\/alkion-erkunden\/\" \/>\n<meta property=\"og:locale\" content=\"de_DE\" \/>\n<meta property=\"og:type\" content=\"article\" \/>\n<meta property=\"og:title\" content=\"Alkion erkunden - Alkion Hotel Kriopigi\" \/>\n<meta property=\"og:description\" content=\"[mk_page_section bg_image=&#8220;https:\/\/www.alkion-hotel.com\/wp-content\/uploads\/2017\/03\/dsc_7181.jpg&#8220; bg_position=&#8220;center center&#8220; bg_stretch=&#8220;true&#8220; video_color_mask=&#8220;#4498bc&#8220; video_opacity=&#8220;0.4&#8243; min_height=&#8220;400&#8243; padding_top=&#8220;90&#8243; padding_bottom=&#8220;90&#8243; sidebar=&#8220;sidebar-1&#8243;][vc_column][mk_fancy_title color=&#8220;#ffffff&#8220; size=&#8220;120&#8243; font_weight=&#8220;300&#8243; font_family=&#8220;none&#8220; align=&#8220;center&#8220;]Alkion erkunden[\/mk_fancy_title][\/vc_column][\/mk_page_section][vc_row][vc_column][mk_padding_divider][\/vc_column][\/vc_row][vc_row][vc_column width=&#8220;1\/6&#8243;][\/vc_column][vc_column width=&#8220;2\/3&#8243;][vc_column_text] Hotel Alkion umfasst 15 Hektar farbenpr\u00e4chtiger Landschaft mit Oliven- und Pinienb\u00e4umen. Der Ort \u00e4hnelt einem Balkon mit atemberaubendem Meerblick. Die letzte Renovierung fand 2017 statt, und das Ergebnis ist eine \u00e4u\u00dferst gem\u00fctliche und freundliche Umgebung, ideal [&hellip;]\" \/>\n<meta property=\"og:url\" content=\"https:\/\/www.alkion-hotel.com\/de\/alkion-erkunden\/\" \/>\n<meta property=\"og:site_name\" content=\"Alkion Hotel Kriopigi\" \/>\n<meta property=\"article:modified_time\" content=\"2017-05-18T21:33:52+00:00\" \/>\n<meta name=\"twitter:card\" content=\"summary_large_image\" \/>\n<meta name=\"twitter:label1\" content=\"Gesch\u00e4tzte Lesezeit\" \/>\n\t<meta name=\"twitter:data1\" content=\"3\u00a0Minuten\" \/>\n<script type=\"application\/ld+json\" class=\"yoast-schema-graph\">{\"@context\":\"https:\/\/schema.org\",\"@graph\":[{\"@type\":\"WebPage\",\"@id\":\"https:\/\/www.alkion-hotel.com\/de\/alkion-erkunden\/\",\"url\":\"https:\/\/www.alkion-hotel.com\/de\/alkion-erkunden\/\",\"name\":\"Alkion erkunden - Alkion Hotel Kriopigi\",\"isPartOf\":{\"@id\":\"https:\/\/www.alkion-hotel.com\/#website\"},\"datePublished\":\"2017-03-05T05:19:43+00:00\",\"dateModified\":\"2017-05-18T21:33:52+00:00\",\"breadcrumb\":{\"@id\":\"https:\/\/www.alkion-hotel.com\/de\/alkion-erkunden\/#breadcrumb\"},\"inLanguage\":\"de\",\"potentialAction\":[{\"@type\":\"ReadAction\",\"target\":[\"https:\/\/www.alkion-hotel.com\/de\/alkion-erkunden\/\"]}]},{\"@type\":\"BreadcrumbList\",\"@id\":\"https:\/\/www.alkion-hotel.com\/de\/alkion-erkunden\/#breadcrumb\",\"itemListElement\":[{\"@type\":\"ListItem\",\"position\":1,\"name\":\"Home\",\"item\":\"https:\/\/www.alkion-hotel.com\/de\/halkidiki\/\"},{\"@type\":\"ListItem\",\"position\":2,\"name\":\"Alkion erkunden\"}]},{\"@type\":\"WebSite\",\"@id\":\"https:\/\/www.alkion-hotel.com\/#website\",\"url\":\"https:\/\/www.alkion-hotel.com\/\",\"name\":\"Alkion Hotel Kriopigi\",\"description\":\"Cozy Family Vacation\",\"potentialAction\":[{\"@type\":\"SearchAction\",\"target\":{\"@type\":\"EntryPoint\",\"urlTemplate\":\"https:\/\/www.alkion-hotel.com\/?s={search_term_string}\"},\"query-input\":{\"@type\":\"PropertyValueSpecification\",\"valueRequired\":true,\"valueName\":\"search_term_string\"}}],\"inLanguage\":\"de\"}]}<\/script>\n<!-- \/ Yoast SEO plugin. -->","yoast_head_json":{"title":"Alkion erkunden - Alkion Hotel Kriopigi","robots":{"index":"index","follow":"follow","max-snippet":"max-snippet:-1","max-image-preview":"max-image-preview:large","max-video-preview":"max-video-preview:-1"},"canonical":"https:\/\/www.alkion-hotel.com\/de\/alkion-erkunden\/","og_locale":"de_DE","og_type":"article","og_title":"Alkion erkunden - Alkion Hotel Kriopigi","og_description":"[mk_page_section bg_image=&#8220;https:\/\/www.alkion-hotel.com\/wp-content\/uploads\/2017\/03\/dsc_7181.jpg&#8220; bg_position=&#8220;center center&#8220; bg_stretch=&#8220;true&#8220; video_color_mask=&#8220;#4498bc&#8220; video_opacity=&#8220;0.4&#8243; min_height=&#8220;400&#8243; padding_top=&#8220;90&#8243; padding_bottom=&#8220;90&#8243; sidebar=&#8220;sidebar-1&#8243;][vc_column][mk_fancy_title color=&#8220;#ffffff&#8220; size=&#8220;120&#8243; font_weight=&#8220;300&#8243; font_family=&#8220;none&#8220; align=&#8220;center&#8220;]Alkion erkunden[\/mk_fancy_title][\/vc_column][\/mk_page_section][vc_row][vc_column][mk_padding_divider][\/vc_column][\/vc_row][vc_row][vc_column width=&#8220;1\/6&#8243;][\/vc_column][vc_column width=&#8220;2\/3&#8243;][vc_column_text] Hotel Alkion umfasst 15 Hektar farbenpr\u00e4chtiger Landschaft mit Oliven- und Pinienb\u00e4umen. Der Ort \u00e4hnelt einem Balkon mit atemberaubendem Meerblick. Die letzte Renovierung fand 2017 statt, und das Ergebnis ist eine \u00e4u\u00dferst gem\u00fctliche und freundliche Umgebung, ideal [&hellip;]","og_url":"https:\/\/www.alkion-hotel.com\/de\/alkion-erkunden\/","og_site_name":"Alkion Hotel Kriopigi","article_modified_time":"2017-05-18T21:33:52+00:00","twitter_card":"summary_large_image","twitter_misc":{"Gesch\u00e4tzte Lesezeit":"3\u00a0Minuten"},"schema":{"@context":"https:\/\/schema.org","@graph":[{"@type":"WebPage","@id":"https:\/\/www.alkion-hotel.com\/de\/alkion-erkunden\/","url":"https:\/\/www.alkion-hotel.com\/de\/alkion-erkunden\/","name":"Alkion erkunden - Alkion Hotel Kriopigi","isPartOf":{"@id":"https:\/\/www.alkion-hotel.com\/#website"},"datePublished":"2017-03-05T05:19:43+00:00","dateModified":"2017-05-18T21:33:52+00:00","breadcrumb":{"@id":"https:\/\/www.alkion-hotel.com\/de\/alkion-erkunden\/#breadcrumb"},"inLanguage":"de","potentialAction":[{"@type":"ReadAction","target":["https:\/\/www.alkion-hotel.com\/de\/alkion-erkunden\/"]}]},{"@type":"BreadcrumbList","@id":"https:\/\/www.alkion-hotel.com\/de\/alkion-erkunden\/#breadcrumb","itemListElement":[{"@type":"ListItem","position":1,"name":"Home","item":"https:\/\/www.alkion-hotel.com\/de\/halkidiki\/"},{"@type":"ListItem","position":2,"name":"Alkion erkunden"}]},{"@type":"WebSite","@id":"https:\/\/www.alkion-hotel.com\/#website","url":"https:\/\/www.alkion-hotel.com\/","name":"Alkion Hotel Kriopigi","description":"Cozy Family Vacation","potentialAction":[{"@type":"SearchAction","target":{"@type":"EntryPoint","urlTemplate":"https:\/\/www.alkion-hotel.com\/?s={search_term_string}"},"query-input":{"@type":"PropertyValueSpecification","valueRequired":true,"valueName":"search_term_string"}}],"inLanguage":"de"}]}},"_links":{"self":[{"href":"https:\/\/www.alkion-hotel.com\/de\/wp-json\/wp\/v2\/pages\/1202"}],"collection":[{"href":"https:\/\/www.alkion-hotel.com\/de\/wp-json\/wp\/v2\/pages"}],"about":[{"href":"https:\/\/www.alkion-hotel.com\/de\/wp-json\/wp\/v2\/types\/page"}],"author":[{"embeddable":true,"href":"https:\/\/www.alkion-hotel.com\/de\/wp-json\/wp\/v2\/users\/1"}],"replies":[{"embeddable":true,"href":"https:\/\/www.alkion-hotel.com\/de\/wp-json\/wp\/v2\/comments?post=1202"}],"version-history":[{"count":5,"href":"https:\/\/www.alkion-hotel.com\/de\/wp-json\/wp\/v2\/pages\/1202\/revisions"}],"predecessor-version":[{"id":1314,"href":"https:\/\/www.alkion-hotel.com\/de\/wp-json\/wp\/v2\/pages\/1202\/revisions\/1314"}],"wp:attachment":[{"href":"https:\/\/www.alkion-hotel.com\/de\/wp-json\/wp\/v2\/media?parent=1202"}],"curies":[{"name":"wp","href":"https:\/\/api.w.org\/{rel}","templated":true}]}}