{"id":1198,"date":"2017-03-05T22:20:50","date_gmt":"2017-03-05T22:20:50","guid":{"rendered":"http:\/\/www.alkion-hotel.com\/general-information\/"},"modified":"2022-07-27T14:44:38","modified_gmt":"2022-07-27T14:44:38","slug":"extra-services","status":"publish","type":"page","link":"https:\/\/www.alkion-hotel.com\/de\/extra-services\/","title":{"rendered":"Zusatzleistungen"},"content":{"rendered":"<div class=\"wpb-content-wrapper\">[mk_page_section bg_image=&#8220;https:\/\/www.alkion-hotel.com\/wp-content\/uploads\/2017\/03\/hotel-services.jpeg&#8220; bg_position=&#8220;center center&#8220; bg_stretch=&#8220;true&#8220; video_color_mask=&#8220;#4498bc&#8220; video_opacity=&#8220;0.4&#8243; min_height=&#8220;400&#8243; padding_top=&#8220;90&#8243; padding_bottom=&#8220;90&#8243; top_shape_color=&#8220;#ffffff&#8220; bottom_shape_color=&#8220;#ffffff&#8220; sidebar=&#8220;sidebar-1&#8243;][vc_column][mk_fancy_title color=&#8220;#ffffff&#8220; size=&#8220;120&#8243; font_weight=&#8220;300&#8243; font_family=&#8220;none&#8220; align=&#8220;center&#8220;]\n<p class=\"normal\"><span lang=\"EL\">Zusatzleistungen<\/span><\/p>\n[\/mk_fancy_title][\/vc_column][\/mk_page_section][vc_row][vc_column][mk_padding_divider][\/vc_column][\/vc_row][vc_row][vc_column width=&#8220;1\/6&#8243;][vc_row_inner][vc_column_inner][\/vc_column_inner][\/vc_row_inner][\/vc_column][vc_column width=&#8220;2\/3&#8243;][mk_fancy_title color=&#8220;#000000&#8243; size=&#8220;32&#8243; font_weight=&#8220;300&#8243; font_family=&#8220;none&#8220;]KOSTENLOSE LEISTUNGEN[\/mk_fancy_title][vc_column_text css=&#8220;.vc_custom_1658933076661{margin-bottom: 0px !important;}&#8220;]\n<ul>\n<li>\n<h5>Rezeption 24 Stunden besetzt<\/h5>\n<h5><\/h5>\n<\/li>\n<li>\n<h5>Restaurant zum Fr\u00fchst\u00fcck von 07:00 bis 10:30 Uhr ge\u00f6ffnet<\/h5>\n<h5><\/h5>\n<\/li>\n<li>\n<h5>Bei Ausfl\u00fcgen oder fr\u00fcher Abreise gibt es auch die M\u00f6glichkeit, das Fr\u00fchst\u00fcck fr\u00fcher einzunehmen. Dar\u00fcber hinaus k\u00f6nnen Sie um ein Essenspaket bitten.<\/h5>\n<h5><\/h5>\n<\/li>\n<li>\n<h5>Sie haben die M\u00f6glichkeit, das Fr\u00fchst\u00fcck in Ihrem Zimmer einzunehmen.<\/h5>\n<h5><\/h5>\n<\/li>\n<li>\n<h5>Der Zimmerservice ist 24 Stunden verf\u00fcgbar.<\/h5>\n<h5><\/h5>\n<\/li>\n<li>\n<h5>Es werden verschiedene Arten von Kissen bereitgestellt.<\/h5>\n<h5><\/h5>\n<\/li>\n<li>\n<h5>Es wird ein Aufdeck-Reinigungsservice angeboten.<\/h5>\n<h5><\/h5>\n<\/li>\n<li>\n<h5>Weiterer Handtuchwechsel \u00fcber den standardm\u00e4\u00dfig einmaligen t\u00e4glichen Wechsel hinaus<\/h5>\n<h5><\/h5>\n<\/li>\n<li>\n<h5>Gep\u00e4cktransferservice<\/h5>\n<h5><\/h5>\n<\/li>\n<li>\n<h5>Kinderbettservice<\/h5>\n<h5><\/h5>\n<\/li>\n<li>\n<h5>Ladeger\u00e4t f\u00fcr Elektroautos und Parkplatz<\/h5>\n<h5><\/h5>\n<\/li>\n<li>\n<h5>F\u00e4higkeit, Tablet oder Laptop bereitzustellen<\/h5>\n<h5><\/h5>\n<\/li>\n<li>\n<h5>Weckruf in Absprache mit der Rezeption<\/h5>\n<\/li>\n<\/ul>\n[\/vc_column_text][mk_padding_divider][\/vc_column][vc_column width=&#8220;1\/6&#8243;][\/vc_column][\/vc_row][mk_page_section bg_color=&#8220;#fecd43&#8243; full_width=&#8220;true&#8220; top_shape_color=&#8220;#ffffff&#8220; top_shape_bg_color=&#8220;#fecd43&#8243; bottom_shape_color=&#8220;#ffffff&#8220; sidebar=&#8220;sidebar-1&#8243;][vc_column width=&#8220;1\/6&#8243;][\/vc_column][vc_column width=&#8220;2\/3&#8243;][mk_padding_divider size=&#8220;60&#8243;][mk_fancy_title tag_name=&#8220;h3&#8243; color=&#8220;#ffffff&#8220; size=&#8220;36&#8243; force_font_size=&#8220;true&#8220; size_tablet=&#8220;20&#8243; size_phone=&#8220;15&#8243; txt_transform=&#8220;capitalize&#8220; margin_bottom=&#8220;0&#8243; font_family=&#8220;none&#8220; align=&#8220;center&#8220;]Machen sie eine Reservierung, rufen Sie jetzt an<br \/>\n+30 23740 52360[\/mk_fancy_title][mk_padding_divider size=&#8220;60&#8243;][mk_button dimension=&#8220;outline&#8220; size=&#8220;x-large&#8220; url=&#8220;https:\/\/alkionhotel.reserve-online.net\/lang?lcode=de_DE&#8220; target=&#8220;_blank&#8220; align=&#8220;center&#8220; margin_right=&#8220;0&#8243; outline_skin=&#8220;light&#8220;]BUCHEN SIE JETZT[\/mk_button][mk_padding_divider][\/vc_column][vc_column width=&#8220;1\/6&#8243;][\/vc_column][\/mk_page_section]\n<\/div>","protected":false},"excerpt":{"rendered":"<p>[mk_page_section bg_image=&#8220;https:\/\/www.alkion-hotel.com\/wp-content\/uploads\/2017\/03\/hotel-services.jpeg&#8220; bg_position=&#8220;center center&#8220; bg_stretch=&#8220;true&#8220; video_color_mask=&#8220;#4498bc&#8220; video_opacity=&#8220;0.4&#8243; min_height=&#8220;400&#8243; padding_top=&#8220;90&#8243; padding_bottom=&#8220;90&#8243; top_shape_color=&#8220;#ffffff&#8220; bottom_shape_color=&#8220;#ffffff&#8220; sidebar=&#8220;sidebar-1&#8243;][vc_column][mk_fancy_title color=&#8220;#ffffff&#8220; size=&#8220;120&#8243; font_weight=&#8220;300&#8243; font_family=&#8220;none&#8220; align=&#8220;center&#8220;] Zusatzleistungen [\/mk_fancy_title][\/vc_column][\/mk_page_section][vc_row][vc_column][mk_padding_divider][\/vc_column][\/vc_row][vc_row][vc_column width=&#8220;1\/6&#8243;][vc_row_inner][vc_column_inner][\/vc_column_inner][\/vc_row_inner][\/vc_column][vc_column width=&#8220;2\/3&#8243;][mk_fancy_title color=&#8220;#000000&#8243; size=&#8220;32&#8243; font_weight=&#8220;300&#8243; font_family=&#8220;none&#8220;]KOSTENLOSE LEISTUNGEN[\/mk_fancy_title][vc_column_text css=&#8220;.vc_custom_1658933076661{margin-bottom: 0px !important;}&#8220;] Rezeption 24 Stunden besetzt Restaurant zum Fr\u00fchst\u00fcck von 07:00 bis 10:30 Uhr ge\u00f6ffnet Bei Ausfl\u00fcgen oder fr\u00fcher Abreise gibt es auch die M\u00f6glichkeit, das Fr\u00fchst\u00fcck [&hellip;]<\/p>\n","protected":false},"author":1,"featured_media":0,"parent":0,"menu_order":0,"comment_status":"closed","ping_status":"closed","template":"","meta":{"footnotes":""},"yoast_head":"<!-- This site is optimized with the Yoast SEO plugin v24.5 - https:\/\/yoast.com\/wordpress\/plugins\/seo\/ -->\n<title>Zusatzleistungen - Alkion Hotel Kriopigi<\/title>\n<meta name=\"robots\" content=\"index, follow, max-snippet:-1, max-image-preview:large, max-video-preview:-1\" \/>\n<link rel=\"canonical\" href=\"https:\/\/www.alkion-hotel.com\/de\/extra-services\/\" \/>\n<meta property=\"og:locale\" content=\"de_DE\" \/>\n<meta property=\"og:type\" content=\"article\" \/>\n<meta property=\"og:title\" content=\"Zusatzleistungen - Alkion Hotel Kriopigi\" \/>\n<meta property=\"og:description\" content=\"[mk_page_section bg_image=&#8220;https:\/\/www.alkion-hotel.com\/wp-content\/uploads\/2017\/03\/hotel-services.jpeg&#8220; bg_position=&#8220;center center&#8220; bg_stretch=&#8220;true&#8220; video_color_mask=&#8220;#4498bc&#8220; video_opacity=&#8220;0.4&#8243; min_height=&#8220;400&#8243; padding_top=&#8220;90&#8243; padding_bottom=&#8220;90&#8243; top_shape_color=&#8220;#ffffff&#8220; bottom_shape_color=&#8220;#ffffff&#8220; sidebar=&#8220;sidebar-1&#8243;][vc_column][mk_fancy_title color=&#8220;#ffffff&#8220; size=&#8220;120&#8243; font_weight=&#8220;300&#8243; font_family=&#8220;none&#8220; align=&#8220;center&#8220;] Zusatzleistungen [\/mk_fancy_title][\/vc_column][\/mk_page_section][vc_row][vc_column][mk_padding_divider][\/vc_column][\/vc_row][vc_row][vc_column width=&#8220;1\/6&#8243;][vc_row_inner][vc_column_inner][\/vc_column_inner][\/vc_row_inner][\/vc_column][vc_column width=&#8220;2\/3&#8243;][mk_fancy_title color=&#8220;#000000&#8243; size=&#8220;32&#8243; font_weight=&#8220;300&#8243; font_family=&#8220;none&#8220;]KOSTENLOSE LEISTUNGEN[\/mk_fancy_title][vc_column_text css=&#8220;.vc_custom_1658933076661{margin-bottom: 0px !important;}&#8220;] Rezeption 24 Stunden besetzt Restaurant zum Fr\u00fchst\u00fcck von 07:00 bis 10:30 Uhr ge\u00f6ffnet Bei Ausfl\u00fcgen oder fr\u00fcher Abreise gibt es auch die M\u00f6glichkeit, das Fr\u00fchst\u00fcck [&hellip;]\" \/>\n<meta property=\"og:url\" content=\"https:\/\/www.alkion-hotel.com\/de\/extra-services\/\" \/>\n<meta property=\"og:site_name\" content=\"Alkion Hotel Kriopigi\" \/>\n<meta property=\"article:modified_time\" content=\"2022-07-27T14:44:38+00:00\" \/>\n<meta name=\"twitter:card\" content=\"summary_large_image\" \/>\n<meta name=\"twitter:label1\" content=\"Gesch\u00e4tzte Lesezeit\" \/>\n\t<meta name=\"twitter:data1\" content=\"2\u00a0Minuten\" \/>\n<script type=\"application\/ld+json\" class=\"yoast-schema-graph\">{\"@context\":\"https:\/\/schema.org\",\"@graph\":[{\"@type\":\"WebPage\",\"@id\":\"https:\/\/www.alkion-hotel.com\/de\/extra-services\/\",\"url\":\"https:\/\/www.alkion-hotel.com\/de\/extra-services\/\",\"name\":\"Zusatzleistungen - Alkion Hotel Kriopigi\",\"isPartOf\":{\"@id\":\"https:\/\/www.alkion-hotel.com\/#website\"},\"datePublished\":\"2017-03-05T22:20:50+00:00\",\"dateModified\":\"2022-07-27T14:44:38+00:00\",\"breadcrumb\":{\"@id\":\"https:\/\/www.alkion-hotel.com\/de\/extra-services\/#breadcrumb\"},\"inLanguage\":\"de\",\"potentialAction\":[{\"@type\":\"ReadAction\",\"target\":[\"https:\/\/www.alkion-hotel.com\/de\/extra-services\/\"]}]},{\"@type\":\"BreadcrumbList\",\"@id\":\"https:\/\/www.alkion-hotel.com\/de\/extra-services\/#breadcrumb\",\"itemListElement\":[{\"@type\":\"ListItem\",\"position\":1,\"name\":\"Home\",\"item\":\"https:\/\/www.alkion-hotel.com\/de\/halkidiki\/\"},{\"@type\":\"ListItem\",\"position\":2,\"name\":\"Zusatzleistungen\"}]},{\"@type\":\"WebSite\",\"@id\":\"https:\/\/www.alkion-hotel.com\/#website\",\"url\":\"https:\/\/www.alkion-hotel.com\/\",\"name\":\"Alkion Hotel Kriopigi\",\"description\":\"Cozy Family Vacation\",\"potentialAction\":[{\"@type\":\"SearchAction\",\"target\":{\"@type\":\"EntryPoint\",\"urlTemplate\":\"https:\/\/www.alkion-hotel.com\/?s={search_term_string}\"},\"query-input\":{\"@type\":\"PropertyValueSpecification\",\"valueRequired\":true,\"valueName\":\"search_term_string\"}}],\"inLanguage\":\"de\"}]}<\/script>\n<!-- \/ Yoast SEO plugin. -->","yoast_head_json":{"title":"Zusatzleistungen - Alkion Hotel Kriopigi","robots":{"index":"index","follow":"follow","max-snippet":"max-snippet:-1","max-image-preview":"max-image-preview:large","max-video-preview":"max-video-preview:-1"},"canonical":"https:\/\/www.alkion-hotel.com\/de\/extra-services\/","og_locale":"de_DE","og_type":"article","og_title":"Zusatzleistungen - Alkion Hotel Kriopigi","og_description":"[mk_page_section bg_image=&#8220;https:\/\/www.alkion-hotel.com\/wp-content\/uploads\/2017\/03\/hotel-services.jpeg&#8220; bg_position=&#8220;center center&#8220; bg_stretch=&#8220;true&#8220; video_color_mask=&#8220;#4498bc&#8220; video_opacity=&#8220;0.4&#8243; min_height=&#8220;400&#8243; padding_top=&#8220;90&#8243; padding_bottom=&#8220;90&#8243; top_shape_color=&#8220;#ffffff&#8220; bottom_shape_color=&#8220;#ffffff&#8220; sidebar=&#8220;sidebar-1&#8243;][vc_column][mk_fancy_title color=&#8220;#ffffff&#8220; size=&#8220;120&#8243; font_weight=&#8220;300&#8243; font_family=&#8220;none&#8220; align=&#8220;center&#8220;] Zusatzleistungen [\/mk_fancy_title][\/vc_column][\/mk_page_section][vc_row][vc_column][mk_padding_divider][\/vc_column][\/vc_row][vc_row][vc_column width=&#8220;1\/6&#8243;][vc_row_inner][vc_column_inner][\/vc_column_inner][\/vc_row_inner][\/vc_column][vc_column width=&#8220;2\/3&#8243;][mk_fancy_title color=&#8220;#000000&#8243; size=&#8220;32&#8243; font_weight=&#8220;300&#8243; font_family=&#8220;none&#8220;]KOSTENLOSE LEISTUNGEN[\/mk_fancy_title][vc_column_text css=&#8220;.vc_custom_1658933076661{margin-bottom: 0px !important;}&#8220;] Rezeption 24 Stunden besetzt Restaurant zum Fr\u00fchst\u00fcck von 07:00 bis 10:30 Uhr ge\u00f6ffnet Bei Ausfl\u00fcgen oder fr\u00fcher Abreise gibt es auch die M\u00f6glichkeit, das Fr\u00fchst\u00fcck [&hellip;]","og_url":"https:\/\/www.alkion-hotel.com\/de\/extra-services\/","og_site_name":"Alkion Hotel Kriopigi","article_modified_time":"2022-07-27T14:44:38+00:00","twitter_card":"summary_large_image","twitter_misc":{"Gesch\u00e4tzte Lesezeit":"2\u00a0Minuten"},"schema":{"@context":"https:\/\/schema.org","@graph":[{"@type":"WebPage","@id":"https:\/\/www.alkion-hotel.com\/de\/extra-services\/","url":"https:\/\/www.alkion-hotel.com\/de\/extra-services\/","name":"Zusatzleistungen - Alkion Hotel Kriopigi","isPartOf":{"@id":"https:\/\/www.alkion-hotel.com\/#website"},"datePublished":"2017-03-05T22:20:50+00:00","dateModified":"2022-07-27T14:44:38+00:00","breadcrumb":{"@id":"https:\/\/www.alkion-hotel.com\/de\/extra-services\/#breadcrumb"},"inLanguage":"de","potentialAction":[{"@type":"ReadAction","target":["https:\/\/www.alkion-hotel.com\/de\/extra-services\/"]}]},{"@type":"BreadcrumbList","@id":"https:\/\/www.alkion-hotel.com\/de\/extra-services\/#breadcrumb","itemListElement":[{"@type":"ListItem","position":1,"name":"Home","item":"https:\/\/www.alkion-hotel.com\/de\/halkidiki\/"},{"@type":"ListItem","position":2,"name":"Zusatzleistungen"}]},{"@type":"WebSite","@id":"https:\/\/www.alkion-hotel.com\/#website","url":"https:\/\/www.alkion-hotel.com\/","name":"Alkion Hotel Kriopigi","description":"Cozy Family Vacation","potentialAction":[{"@type":"SearchAction","target":{"@type":"EntryPoint","urlTemplate":"https:\/\/www.alkion-hotel.com\/?s={search_term_string}"},"query-input":{"@type":"PropertyValueSpecification","valueRequired":true,"valueName":"search_term_string"}}],"inLanguage":"de"}]}},"_links":{"self":[{"href":"https:\/\/www.alkion-hotel.com\/de\/wp-json\/wp\/v2\/pages\/1198"}],"collection":[{"href":"https:\/\/www.alkion-hotel.com\/de\/wp-json\/wp\/v2\/pages"}],"about":[{"href":"https:\/\/www.alkion-hotel.com\/de\/wp-json\/wp\/v2\/types\/page"}],"author":[{"embeddable":true,"href":"https:\/\/www.alkion-hotel.com\/de\/wp-json\/wp\/v2\/users\/1"}],"replies":[{"embeddable":true,"href":"https:\/\/www.alkion-hotel.com\/de\/wp-json\/wp\/v2\/comments?post=1198"}],"version-history":[{"count":12,"href":"https:\/\/www.alkion-hotel.com\/de\/wp-json\/wp\/v2\/pages\/1198\/revisions"}],"predecessor-version":[{"id":1596,"href":"https:\/\/www.alkion-hotel.com\/de\/wp-json\/wp\/v2\/pages\/1198\/revisions\/1596"}],"wp:attachment":[{"href":"https:\/\/www.alkion-hotel.com\/de\/wp-json\/wp\/v2\/media?parent=1198"}],"curies":[{"name":"wp","href":"https:\/\/api.w.org\/{rel}","templated":true}]}}