{"id":1188,"date":"2017-04-06T11:56:09","date_gmt":"2017-04-06T11:56:09","guid":{"rendered":"http:\/\/www.alkion-hotel.com\/family-suite\/"},"modified":"2023-01-31T07:36:52","modified_gmt":"2023-01-31T07:36:52","slug":"familien-suite-55-m2","status":"publish","type":"page","link":"https:\/\/www.alkion-hotel.com\/de\/familien-suite-55-m2\/","title":{"rendered":"Familiensuite (55qm)"},"content":{"rendered":"<div class=\"wpb-content-wrapper\">[mk_page_section bg_image=&#8220;https:\/\/www.alkion-hotel.com\/wp-content\/uploads\/2017\/04\/dsc_7199.jpg&#8220; bg_position=&#8220;center center&#8220; bg_stretch=&#8220;true&#8220; video_color_mask=&#8220;#4395b8&#8243; video_opacity=&#8220;0.4&#8243; min_height=&#8220;400&#8243; padding_top=&#8220;90&#8243; padding_bottom=&#8220;90&#8243; sidebar=&#8220;sidebar-1&#8243;][vc_column][mk_fancy_title color=&#8220;#ffffff&#8220; size=&#8220;120&#8243; font_weight=&#8220;300&#8243; font_family=&#8220;none&#8220; align=&#8220;center&#8220;]55m\u00b2 gro\u00dfe Familiensuite[\/mk_fancy_title][\/vc_column][\/mk_page_section][mk_page_section layout_structure=&#8220;half_right&#8220; bg_image=&#8220;https:\/\/www.alkion-hotel.com\/wp-content\/uploads\/2017\/04\/dsc_3039_1.jpg&#8220; bg_color=&#8220;#fdcc51&#8243; padding_top=&#8220;80&#8243; padding_bottom=&#8220;80&#8243; top_shape_color=&#8220;#ffffff&#8220; bottom_shape_color=&#8220;#ffffff&#8220;][vc_column][vc_empty_space height=&#8220;60px&#8220;][vc_row_inner is_fullwidth_content=&#8220;false&#8220;][vc_column_inner][mk_fancy_title color=&#8220;#ffffff&#8220; size=&#8220;55&#8243; force_font_size=&#8220;true&#8220; size_tablet=&#8220;30&#8243; size_phone=&#8220;30&#8243; txt_transform=&#8220;capitalize&#8220; margin_bottom=&#8220;0&#8243; font_family=&#8220;none&#8220; responsive_align=&#8220;left&#8220;]55m<sup>2<\/sup> Familiensuite[\/mk_fancy_title][vc_empty_space height=&#8220;15px&#8220;][mk_fancy_title color=&#8220;#ffffff&#8220; size=&#8220;26&#8243; force_font_size=&#8220;true&#8220; size_tablet=&#8220;30&#8243; size_phone=&#8220;30&#8243; font_weight=&#8220;300&#8243; margin_bottom=&#8220;0&#8243; font_family=&#8220;none&#8220; responsive_align=&#8220;left&#8220;]FAMILY SUITE vereint den Komfort und Luxus, den eine Familie in ihrem Urlaub sucht. Die Familiensuite besteht aus zwei gro\u00dfen Schlafzimmern und bietet Platz f\u00fcr bis zu f\u00fcnf Personen.[\/mk_fancy_title][\/vc_column_inner][\/vc_row_inner][vc_row_inner is_fullwidth_content=&#8220;false&#8220;][vc_column_inner][mk_button dimension=&#8220;outline&#8220; size=&#8220;large&#8220; url=&#8220;https:\/\/alkionhotel.reserve-online.net\/lang?lcode=el_GR&#8220; target=&#8220;_blank&#8220; fullwidth=&#8220;true&#8220; outline_skin=&#8220;light&#8220;]JETZT BUCHEN[\/mk_button][\/vc_column_inner][\/vc_row_inner][vc_empty_space height=&#8220;60px&#8220;][\/vc_column][\/mk_page_section][mk_page_section bg_color=&#8220;#fdcc51&#8243; padding_top=&#8220;0&#8243; padding_bottom=&#8220;0&#8243; top_shape_color=&#8220;#ffffff&#8220; bottom_shape_color=&#8220;#ffffff&#8220; sidebar=&#8220;sidebar-1&#8243;][vc_column][mk_revslider id=&#8220;family-suite&#8220;][\/vc_column][\/mk_page_section][vc_row][vc_column][mk_padding_divider][\/vc_column][\/vc_row][vc_row][vc_column][mk_fancy_title color=&#8220;#fdcc51&#8243; size=&#8220;60&#8243; force_font_size=&#8220;true&#8220; size_tablet=&#8220;30&#8243; size_phone=&#8220;30&#8243; txt_transform=&#8220;capitalize&#8220; margin_bottom=&#8220;0&#8243; font_family=&#8220;none&#8220; align=&#8220;center&#8220;]Einrichtungen[\/mk_fancy_title][mk_divider style=&#8220;thin_solid&#8220; divider_width=&#8220;custom_width&#8220; custom_width=&#8220;200&#8243; thin_single_color=&#8220;#fdcc51&#8243; thickness=&#8220;3&#8243; margin_top=&#8220;10&#8243; margin_bottom=&#8220;60&#8243;][vc_row_inner][vc_column_inner width=&#8220;1\/6&#8243;][\/vc_column_inner][vc_column_inner width=&#8220;2\/6&#8243;][vc_column_text]\n<h6 style=\"text-align: center;\">2 Doppelbetten und 1 Einzelbett<br \/>\nAnatomische und \u00f6kologische Matratzen<br \/>\nK\u00fcche mit elektrischen Kochplatten und K\u00fcchenutensilien ausgestattet<br \/>\nKostenloses WI-FI<br \/>\nBadezimmer mit Badewanne<br \/>\nToilettenartikel<br \/>\nHaartrockner<br \/>\nT\u00e4gliche Reinigung<br \/>\nWechsel der Bettw\u00e4sche alle zwei Tage<br \/>\nT\u00e4glicher Wechsel der Handt\u00fccher<br \/>\nK\u00fchlschrank<\/h6>\n[\/vc_column_text][\/vc_column_inner][vc_column_inner width=&#8220;2\/6&#8243;][vc_column_text]\n<h6 style=\"text-align: center;\">Satelliten-TV<br \/>\nLED-Fernseher<br \/>\nDirektwahltelefon<br \/>\nIndividuell regulierbare Klimaanlage<br \/>\nSafe (gegen Geb\u00fchr)<br \/>\nBalkon oder Terrasse<br \/>\nBereitstellung von Babybetten (auf Anfrage)<br \/>\nMeer- oder Poolblick<\/h6>\n[\/vc_column_text][\/vc_column_inner][vc_column_inner width=&#8220;1\/6&#8243;][\/vc_column_inner][\/vc_row_inner][\/vc_column][\/vc_row][vc_row][vc_column][mk_padding_divider size=&#8220;60&#8243;][\/vc_column][\/vc_row][mk_page_section bg_color=&#8220;#fdcc51&#8243; full_width=&#8220;true&#8220; top_shape_color=&#8220;#ffffff&#8220; top_shape_bg_color=&#8220;#1b75bb&#8220; bottom_shape_color=&#8220;#ffffff&#8220; sidebar=&#8220;sidebar-1&#8243;][vc_column width=&#8220;1\/6&#8243;][\/vc_column][vc_column width=&#8220;2\/3&#8243;][mk_padding_divider size=&#8220;60&#8243;][mk_fancy_title tag_name=&#8220;h3&#8243; color=&#8220;#ffffff&#8220; size=&#8220;36&#8243; force_font_size=&#8220;true&#8220; size_tablet=&#8220;20&#8243; size_phone=&#8220;15&#8243; line_height=&#8220;90&#8243; txt_transform=&#8220;capitalize&#8220; margin_bottom=&#8220;0&#8243; font_family=&#8220;none&#8220; align=&#8220;center&#8220;]Rufen Sie an: +30 23740 52360[\/mk_fancy_title][mk_padding_divider size=&#8220;60&#8243;][mk_button dimension=&#8220;outline&#8220; size=&#8220;x-large&#8220; url=&#8220;https:\/\/alkionhotel.reserve-online.net\/lang?lcode=el_GR&#8220; target=&#8220;_blank&#8220; align=&#8220;center&#8220; margin_right=&#8220;0&#8243; outline_skin=&#8220;light&#8220;]JETZT BUCHEN[\/mk_button][mk_padding_divider][\/vc_column][vc_column width=&#8220;1\/6&#8243;][\/vc_column][\/mk_page_section]\n<\/div>","protected":false},"excerpt":{"rendered":"<p>[mk_page_section bg_image=&#8220;https:\/\/www.alkion-hotel.com\/wp-content\/uploads\/2017\/04\/dsc_7199.jpg&#8220; bg_position=&#8220;center center&#8220; bg_stretch=&#8220;true&#8220; video_color_mask=&#8220;#4395b8&#8243; video_opacity=&#8220;0.4&#8243; min_height=&#8220;400&#8243; padding_top=&#8220;90&#8243; padding_bottom=&#8220;90&#8243; sidebar=&#8220;sidebar-1&#8243;][vc_column][mk_fancy_title color=&#8220;#ffffff&#8220; size=&#8220;120&#8243; font_weight=&#8220;300&#8243; font_family=&#8220;none&#8220; align=&#8220;center&#8220;]55m\u00b2 gro\u00dfe Familiensuite[\/mk_fancy_title][\/vc_column][\/mk_page_section][mk_page_section layout_structure=&#8220;half_right&#8220; bg_image=&#8220;https:\/\/www.alkion-hotel.com\/wp-content\/uploads\/2017\/04\/dsc_3039_1.jpg&#8220; bg_color=&#8220;#fdcc51&#8243; padding_top=&#8220;80&#8243; padding_bottom=&#8220;80&#8243; top_shape_color=&#8220;#ffffff&#8220; bottom_shape_color=&#8220;#ffffff&#8220;][vc_column][vc_empty_space height=&#8220;60px&#8220;][vc_row_inner is_fullwidth_content=&#8220;false&#8220;][vc_column_inner][mk_fancy_title color=&#8220;#ffffff&#8220; size=&#8220;55&#8243; force_font_size=&#8220;true&#8220; size_tablet=&#8220;30&#8243; size_phone=&#8220;30&#8243; txt_transform=&#8220;capitalize&#8220; margin_bottom=&#8220;0&#8243; font_family=&#8220;none&#8220; responsive_align=&#8220;left&#8220;]55m2 Familiensuite[\/mk_fancy_title][vc_empty_space height=&#8220;15px&#8220;][mk_fancy_title color=&#8220;#ffffff&#8220; size=&#8220;26&#8243; force_font_size=&#8220;true&#8220; size_tablet=&#8220;30&#8243; size_phone=&#8220;30&#8243; font_weight=&#8220;300&#8243; margin_bottom=&#8220;0&#8243; font_family=&#8220;none&#8220; responsive_align=&#8220;left&#8220;]FAMILY SUITE vereint den Komfort und Luxus, den eine [&hellip;]<\/p>\n","protected":false},"author":1,"featured_media":0,"parent":0,"menu_order":0,"comment_status":"closed","ping_status":"closed","template":"","meta":{"footnotes":""},"yoast_head":"<!-- This site is optimized with the Yoast SEO plugin v24.5 - https:\/\/yoast.com\/wordpress\/plugins\/seo\/ -->\n<title>Familiensuite (55qm) - Alkion Hotel Kriopigi<\/title>\n<meta name=\"robots\" content=\"index, follow, max-snippet:-1, max-image-preview:large, max-video-preview:-1\" \/>\n<link rel=\"canonical\" href=\"https:\/\/www.alkion-hotel.com\/de\/familien-suite-55-m2\/\" \/>\n<meta property=\"og:locale\" content=\"de_DE\" \/>\n<meta property=\"og:type\" content=\"article\" \/>\n<meta property=\"og:title\" content=\"Familiensuite (55qm) - Alkion Hotel Kriopigi\" \/>\n<meta property=\"og:description\" content=\"[mk_page_section bg_image=&#8220;https:\/\/www.alkion-hotel.com\/wp-content\/uploads\/2017\/04\/dsc_7199.jpg&#8220; bg_position=&#8220;center center&#8220; bg_stretch=&#8220;true&#8220; video_color_mask=&#8220;#4395b8&#8243; video_opacity=&#8220;0.4&#8243; min_height=&#8220;400&#8243; padding_top=&#8220;90&#8243; padding_bottom=&#8220;90&#8243; sidebar=&#8220;sidebar-1&#8243;][vc_column][mk_fancy_title color=&#8220;#ffffff&#8220; size=&#8220;120&#8243; font_weight=&#8220;300&#8243; font_family=&#8220;none&#8220; align=&#8220;center&#8220;]55m\u00b2 gro\u00dfe Familiensuite[\/mk_fancy_title][\/vc_column][\/mk_page_section][mk_page_section layout_structure=&#8220;half_right&#8220; bg_image=&#8220;https:\/\/www.alkion-hotel.com\/wp-content\/uploads\/2017\/04\/dsc_3039_1.jpg&#8220; bg_color=&#8220;#fdcc51&#8243; padding_top=&#8220;80&#8243; padding_bottom=&#8220;80&#8243; top_shape_color=&#8220;#ffffff&#8220; bottom_shape_color=&#8220;#ffffff&#8220;][vc_column][vc_empty_space height=&#8220;60px&#8220;][vc_row_inner is_fullwidth_content=&#8220;false&#8220;][vc_column_inner][mk_fancy_title color=&#8220;#ffffff&#8220; size=&#8220;55&#8243; force_font_size=&#8220;true&#8220; size_tablet=&#8220;30&#8243; size_phone=&#8220;30&#8243; txt_transform=&#8220;capitalize&#8220; margin_bottom=&#8220;0&#8243; font_family=&#8220;none&#8220; responsive_align=&#8220;left&#8220;]55m2 Familiensuite[\/mk_fancy_title][vc_empty_space height=&#8220;15px&#8220;][mk_fancy_title color=&#8220;#ffffff&#8220; size=&#8220;26&#8243; force_font_size=&#8220;true&#8220; size_tablet=&#8220;30&#8243; size_phone=&#8220;30&#8243; font_weight=&#8220;300&#8243; margin_bottom=&#8220;0&#8243; font_family=&#8220;none&#8220; responsive_align=&#8220;left&#8220;]FAMILY SUITE vereint den Komfort und Luxus, den eine [&hellip;]\" \/>\n<meta property=\"og:url\" content=\"https:\/\/www.alkion-hotel.com\/de\/familien-suite-55-m2\/\" \/>\n<meta property=\"og:site_name\" content=\"Alkion Hotel Kriopigi\" \/>\n<meta property=\"article:modified_time\" content=\"2023-01-31T07:36:52+00:00\" \/>\n<meta name=\"twitter:card\" content=\"summary_large_image\" \/>\n<meta name=\"twitter:label1\" content=\"Gesch\u00e4tzte Lesezeit\" \/>\n\t<meta name=\"twitter:data1\" content=\"3\u00a0Minuten\" \/>\n<script type=\"application\/ld+json\" class=\"yoast-schema-graph\">{\"@context\":\"https:\/\/schema.org\",\"@graph\":[{\"@type\":\"WebPage\",\"@id\":\"https:\/\/www.alkion-hotel.com\/de\/familien-suite-55-m2\/\",\"url\":\"https:\/\/www.alkion-hotel.com\/de\/familien-suite-55-m2\/\",\"name\":\"Familiensuite (55qm) - Alkion Hotel Kriopigi\",\"isPartOf\":{\"@id\":\"https:\/\/www.alkion-hotel.com\/#website\"},\"datePublished\":\"2017-04-06T11:56:09+00:00\",\"dateModified\":\"2023-01-31T07:36:52+00:00\",\"breadcrumb\":{\"@id\":\"https:\/\/www.alkion-hotel.com\/de\/familien-suite-55-m2\/#breadcrumb\"},\"inLanguage\":\"de\",\"potentialAction\":[{\"@type\":\"ReadAction\",\"target\":[\"https:\/\/www.alkion-hotel.com\/de\/familien-suite-55-m2\/\"]}]},{\"@type\":\"BreadcrumbList\",\"@id\":\"https:\/\/www.alkion-hotel.com\/de\/familien-suite-55-m2\/#breadcrumb\",\"itemListElement\":[{\"@type\":\"ListItem\",\"position\":1,\"name\":\"Home\",\"item\":\"https:\/\/www.alkion-hotel.com\/de\/halkidiki\/\"},{\"@type\":\"ListItem\",\"position\":2,\"name\":\"Familiensuite (55qm)\"}]},{\"@type\":\"WebSite\",\"@id\":\"https:\/\/www.alkion-hotel.com\/#website\",\"url\":\"https:\/\/www.alkion-hotel.com\/\",\"name\":\"Alkion Hotel Kriopigi\",\"description\":\"Cozy Family Vacation\",\"potentialAction\":[{\"@type\":\"SearchAction\",\"target\":{\"@type\":\"EntryPoint\",\"urlTemplate\":\"https:\/\/www.alkion-hotel.com\/?s={search_term_string}\"},\"query-input\":{\"@type\":\"PropertyValueSpecification\",\"valueRequired\":true,\"valueName\":\"search_term_string\"}}],\"inLanguage\":\"de\"}]}<\/script>\n<!-- \/ Yoast SEO plugin. -->","yoast_head_json":{"title":"Familiensuite (55qm) - Alkion Hotel Kriopigi","robots":{"index":"index","follow":"follow","max-snippet":"max-snippet:-1","max-image-preview":"max-image-preview:large","max-video-preview":"max-video-preview:-1"},"canonical":"https:\/\/www.alkion-hotel.com\/de\/familien-suite-55-m2\/","og_locale":"de_DE","og_type":"article","og_title":"Familiensuite (55qm) - Alkion Hotel Kriopigi","og_description":"[mk_page_section bg_image=&#8220;https:\/\/www.alkion-hotel.com\/wp-content\/uploads\/2017\/04\/dsc_7199.jpg&#8220; bg_position=&#8220;center center&#8220; bg_stretch=&#8220;true&#8220; video_color_mask=&#8220;#4395b8&#8243; video_opacity=&#8220;0.4&#8243; min_height=&#8220;400&#8243; padding_top=&#8220;90&#8243; padding_bottom=&#8220;90&#8243; sidebar=&#8220;sidebar-1&#8243;][vc_column][mk_fancy_title color=&#8220;#ffffff&#8220; size=&#8220;120&#8243; font_weight=&#8220;300&#8243; font_family=&#8220;none&#8220; align=&#8220;center&#8220;]55m\u00b2 gro\u00dfe Familiensuite[\/mk_fancy_title][\/vc_column][\/mk_page_section][mk_page_section layout_structure=&#8220;half_right&#8220; bg_image=&#8220;https:\/\/www.alkion-hotel.com\/wp-content\/uploads\/2017\/04\/dsc_3039_1.jpg&#8220; bg_color=&#8220;#fdcc51&#8243; padding_top=&#8220;80&#8243; padding_bottom=&#8220;80&#8243; top_shape_color=&#8220;#ffffff&#8220; bottom_shape_color=&#8220;#ffffff&#8220;][vc_column][vc_empty_space height=&#8220;60px&#8220;][vc_row_inner is_fullwidth_content=&#8220;false&#8220;][vc_column_inner][mk_fancy_title color=&#8220;#ffffff&#8220; size=&#8220;55&#8243; force_font_size=&#8220;true&#8220; size_tablet=&#8220;30&#8243; size_phone=&#8220;30&#8243; txt_transform=&#8220;capitalize&#8220; margin_bottom=&#8220;0&#8243; font_family=&#8220;none&#8220; responsive_align=&#8220;left&#8220;]55m2 Familiensuite[\/mk_fancy_title][vc_empty_space height=&#8220;15px&#8220;][mk_fancy_title color=&#8220;#ffffff&#8220; size=&#8220;26&#8243; force_font_size=&#8220;true&#8220; size_tablet=&#8220;30&#8243; size_phone=&#8220;30&#8243; font_weight=&#8220;300&#8243; margin_bottom=&#8220;0&#8243; font_family=&#8220;none&#8220; responsive_align=&#8220;left&#8220;]FAMILY SUITE vereint den Komfort und Luxus, den eine [&hellip;]","og_url":"https:\/\/www.alkion-hotel.com\/de\/familien-suite-55-m2\/","og_site_name":"Alkion Hotel Kriopigi","article_modified_time":"2023-01-31T07:36:52+00:00","twitter_card":"summary_large_image","twitter_misc":{"Gesch\u00e4tzte Lesezeit":"3\u00a0Minuten"},"schema":{"@context":"https:\/\/schema.org","@graph":[{"@type":"WebPage","@id":"https:\/\/www.alkion-hotel.com\/de\/familien-suite-55-m2\/","url":"https:\/\/www.alkion-hotel.com\/de\/familien-suite-55-m2\/","name":"Familiensuite (55qm) - Alkion Hotel Kriopigi","isPartOf":{"@id":"https:\/\/www.alkion-hotel.com\/#website"},"datePublished":"2017-04-06T11:56:09+00:00","dateModified":"2023-01-31T07:36:52+00:00","breadcrumb":{"@id":"https:\/\/www.alkion-hotel.com\/de\/familien-suite-55-m2\/#breadcrumb"},"inLanguage":"de","potentialAction":[{"@type":"ReadAction","target":["https:\/\/www.alkion-hotel.com\/de\/familien-suite-55-m2\/"]}]},{"@type":"BreadcrumbList","@id":"https:\/\/www.alkion-hotel.com\/de\/familien-suite-55-m2\/#breadcrumb","itemListElement":[{"@type":"ListItem","position":1,"name":"Home","item":"https:\/\/www.alkion-hotel.com\/de\/halkidiki\/"},{"@type":"ListItem","position":2,"name":"Familiensuite (55qm)"}]},{"@type":"WebSite","@id":"https:\/\/www.alkion-hotel.com\/#website","url":"https:\/\/www.alkion-hotel.com\/","name":"Alkion Hotel Kriopigi","description":"Cozy Family Vacation","potentialAction":[{"@type":"SearchAction","target":{"@type":"EntryPoint","urlTemplate":"https:\/\/www.alkion-hotel.com\/?s={search_term_string}"},"query-input":{"@type":"PropertyValueSpecification","valueRequired":true,"valueName":"search_term_string"}}],"inLanguage":"de"}]}},"_links":{"self":[{"href":"https:\/\/www.alkion-hotel.com\/de\/wp-json\/wp\/v2\/pages\/1188"}],"collection":[{"href":"https:\/\/www.alkion-hotel.com\/de\/wp-json\/wp\/v2\/pages"}],"about":[{"href":"https:\/\/www.alkion-hotel.com\/de\/wp-json\/wp\/v2\/types\/page"}],"author":[{"embeddable":true,"href":"https:\/\/www.alkion-hotel.com\/de\/wp-json\/wp\/v2\/users\/1"}],"replies":[{"embeddable":true,"href":"https:\/\/www.alkion-hotel.com\/de\/wp-json\/wp\/v2\/comments?post=1188"}],"version-history":[{"count":6,"href":"https:\/\/www.alkion-hotel.com\/de\/wp-json\/wp\/v2\/pages\/1188\/revisions"}],"predecessor-version":[{"id":2241,"href":"https:\/\/www.alkion-hotel.com\/de\/wp-json\/wp\/v2\/pages\/1188\/revisions\/2241"}],"wp:attachment":[{"href":"https:\/\/www.alkion-hotel.com\/de\/wp-json\/wp\/v2\/media?parent=1188"}],"curies":[{"name":"wp","href":"https:\/\/api.w.org\/{rel}","templated":true}]}}